{"id":104,"date":"2017-11-08T04:06:22","date_gmt":"2017-11-08T10:06:22","guid":{"rendered":"http:\/\/www.mextelecom.com.mx\/corporativo\/?page_id=104"},"modified":"2025-10-04T18:11:40","modified_gmt":"2025-10-05T00:11:40","slug":"productos","status":"publish","type":"page","link":"https:\/\/www.mextelecom.com.mx\/corporativo\/productos\/","title":{"rendered":"Productos"},"content":{"rendered":"<p>\u201cComunicaci\u00f3n, Redes y Seguridad\u201d<br \/>PBX anal\u00f3gico, digital e IP, diademas, accesorios telef\u00f3nicos, tel\u00e9fonos inal\u00e1mbricos, intercomunicaci\u00f3n, videovigilancia, control de acceso, energ\u00eda, detecci\u00f3n de fuego, automatizaci\u00f3n e intrusi\u00f3n, radiocomunicaci\u00f3n, redes, cableado estructurado, GPS,luces de emergencia y transporte, etc.<\/p>\n<p>Marcas. Honeywell, Intec, Ubiquiti Networks, Syscom, Panduit, Panasonic, Hikvision, Plantronics, Lloyds, Condumex, Steren, etc.<\/p>\n<p><a href=\"https:\/\/www.mextelecom.net\/especiales\/Catalogoseguridad.pdf\" target=\"_blank\" rel=\"noopener noreferrer\">Gu\u00eda de soluciones seguridad electr\u00f3nica<\/a><\/p>\n<p><a href=\"https:\/\/www.mextelecom.net\/especiales\/Catalogoradiocomunicacion.pdf\" target=\"_blank\" rel=\"noopener noreferrer\">Gu\u00eda de soluciones de Radiocomunicaci\u00f3n<\/a><\/p>\n<p><a href=\"https:\/\/www.mextelecom.net\/especiales\/Catalogoredes.pdf\" target=\"_blank\" rel=\"noopener noreferrer\">Gu\u00eda de soluciones de Redes<\/a><\/p>\n<p><a href=\"https:\/\/www.mextelecom.net\/especiales\/MEXTELECOM PBX.pdf\" target=\"_blank\" rel=\"noopener noreferrer\" data-wplink-url-error=\"true\">Cat\u00e1logo de Comunicaci\u00f3n.<\/a><\/p>\n<p><a href=\"https:\/\/www.mextelecom.net\/especiales\/catalogogeneralintec.pdf\" target=\"_blank\" rel=\"noopener noreferrer\">Cat\u00e1logo de Intercomunicaci\u00f3n.(intecf\u00f3n, videoportero, cerca electrificada)<\/a><\/p>\n<p><a href=\"https:\/\/www.mextelecom.net\/especiales\/catalogolineasadicionalesintec.pdf\">Cat\u00e1logo de Intercomunicaci\u00f3n l\u00edneas adicionales.(intecf\u00f3n, videoportero, seguridad)<\/a><\/p>\n<p><a href=\"https:\/\/www.mextelecom.net\/especiales\/catalogopaquetesintec.pdf\">Cat\u00e1logo de Intercomunicaci\u00f3n paquetes.(intecf\u00f3n, videoportero, cerca electrificada)<\/a><\/p>\n<p><a href=\"https:\/\/www.mextelecom.biz\" target=\"_blank\" rel=\"noopener noreferrer\">Cat\u00e1logo de Redes y Seguridad.<\/a><\/p>\n<p><a href=\"http:\/\/www.mextelecom.net\/\" target=\"_blank\" rel=\"noopener noreferrer\">Muestra antigua de equipos de seguridad.<\/a><\/p>\n<h5><img loading=\"lazy\" decoding=\"async\" class=\"alignnone size-full wp-image-706\" src=\"https:\/\/www.mextelecom.com.mx\/corporativo\/wp-content\/uploads\/2021\/03\/Especiales.png\" alt=\"\" width=\"544\" height=\"212\" srcset=\"https:\/\/www.mextelecom.com.mx\/corporativo\/wp-content\/uploads\/2021\/03\/Especiales.png 544w, https:\/\/www.mextelecom.com.mx\/corporativo\/wp-content\/uploads\/2021\/03\/Especiales-300x117.png 300w\" sizes=\"auto, (max-width: 544px) 100vw, 544px\" \/><br \/><a href=\"https:\/\/www.mextelecom.net\/especiales\/seguridad.pdf\" target=\"_blank\" rel=\"noopener noreferrer\"><span style=\"color: #000080;\"><strong>&#8211; Videovigilancia, control de acceso, intrusi\u00f3n, incendio y automatizaci\u00f3n.<\/strong><\/span><\/a><\/h5>\n<p><a href=\"https:\/\/www.mextelecom.net\/especiales\/redes.pdf\" target=\"_blank\" rel=\"noopener noreferrer\"><span style=\"color: #99ccff;\"><strong>&#8211; Networking, redes y telefonia IP.<\/strong><\/span><\/a><\/p>\n<p><a href=\"https:\/\/www.mextelecom.net\/especiales\/radios.pdf\" target=\"_blank\" rel=\"noopener noreferrer\"><span style=\"color: #ff6600;\"><strong>&#8211; Energ\u00eda solar, torretas, GPS y radiocomunicaci\u00f3n.<\/strong><\/span><\/a><\/p>\n<p><a href=\"https:\/\/www.mextelecom.net\/especiales\/energia.pdf\" target=\"_blank\" rel=\"noopener noreferrer\"><span style=\"color: #ff6600;\"><strong>&#8211; Energ\u00eda solar<\/strong><\/span><\/a><\/p>\n<p><a href=\"https:\/\/www.mextelecom.net\/especiales\/kenwood.pdf\" target=\"_blank\" rel=\"noopener noreferrer\"><span style=\"color: #3366ff;\"><strong>&#8211; Radiocomunicaci\u00f3n Kenwood<\/strong><\/span><\/a><\/p>\n<p><a href=\"https:\/\/www.mextelecom.net\/especiales\/icom.pdf\" target=\"_blank\" rel=\"noopener noreferrer\"><span style=\"color: #3366ff;\"><strong>&#8211; Radiocomunicaci\u00f3n ICOM<\/strong><\/span><\/a><\/p>\n<p><a href=\"https:\/\/www.mextelecom.net\/especiales\/marina.pdf\" target=\"_blank\" rel=\"noopener noreferrer\"><span style=\"color: #33cccc;\"><strong>&#8211; Navegaci\u00f3n mar\u00edtima.<\/strong><\/span><\/a><br \/><br \/><span style=\"color: #00ff00;\"><a style=\"color: #00ff00;\" href=\"https:\/\/www.mextelecom.net\/especiales\/domotica.pdf\" target=\"_blank\" rel=\"noopener noreferrer\"><strong>&#8211; Domotica.<\/strong><\/a><\/span><\/p>\n<pre>Solicite presupuesto.\n- Descuento al usuario final.\n- Descuento a integrador.\n\nGracias.<br \/><br \/><!--more--><\/pre>\n<p>#comunicacion #redes #seguridad #videovigilancia #camarasdeseguridad #cctv #alarmasdeseguridad #intrusion #telefoniaip #pbx #videoportero #cableadoestructurado #controldeacceso #gpstracker #interfone #energiasolar #automatizar #automatizacion #automatizaci\u00f3n<br \/>#lucesdeemergencia #radiocomunicacion #radiosmoviles\u00a0 #radiosbases<br \/>#navegacionmaritima<\/p>\n<p>#panasonic #honeywell #intec #ubiquiti #ubiquitinetworks #panduit<br \/>#hikvision #hikvisioncctv #zkteco #altai #faac #fiberhome #hanwha #hid<br \/>#kenwood #lutron #tplink #plantronics #polycom<\/p>\n<p class=\"p1\"><!--more--><\/p>\n\n\n<div class=\"wp-block-group\"><div class=\"wp-block-group__inner-container is-layout-flow wp-block-group-is-layout-flow\">\n<div class=\"wp-block-group\"><div class=\"wp-block-group__inner-container is-layout-flow wp-block-group-is-layout-flow\">\n<div class=\"wp-block-group\"><div class=\"wp-block-group__inner-container is-layout-flow wp-block-group-is-layout-flow\"><\/div><\/div>\n<\/div><\/div>\n<\/div><\/div>\n\n\n\n<p><\/p>\n","protected":false},"excerpt":{"rendered":"<p>\u201cComunicaci\u00f3n, Redes y Seguridad\u201dPBX anal\u00f3gico, digital e IP, diademas, accesorios telef\u00f3nicos, tel\u00e9fonos inal\u00e1mbricos, intercomunicaci\u00f3n, videovigilancia, control de acceso, energ\u00eda, detecci\u00f3n de fuego, automatizaci\u00f3n e intrusi\u00f3n,<a href=\"https:\/\/www.mextelecom.com.mx\/corporativo\/productos\/\" class=\"more-link\">Ver m\u00e1s<\/a><\/p>\n","protected":false},"author":1,"featured_media":0,"parent":0,"menu_order":0,"comment_status":"closed","ping_status":"closed","template":"","meta":{"footnotes":""},"class_list":["post-104","page","type-page","status-publish","hentry"],"_links":{"self":[{"href":"https:\/\/www.mextelecom.com.mx\/corporativo\/wp-json\/wp\/v2\/pages\/104","targetHints":{"allow":["GET"]}}],"collection":[{"href":"https:\/\/www.mextelecom.com.mx\/corporativo\/wp-json\/wp\/v2\/pages"}],"about":[{"href":"https:\/\/www.mextelecom.com.mx\/corporativo\/wp-json\/wp\/v2\/types\/page"}],"author":[{"embeddable":true,"href":"https:\/\/www.mextelecom.com.mx\/corporativo\/wp-json\/wp\/v2\/users\/1"}],"replies":[{"embeddable":true,"href":"https:\/\/www.mextelecom.com.mx\/corporativo\/wp-json\/wp\/v2\/comments?post=104"}],"version-history":[{"count":40,"href":"https:\/\/www.mextelecom.com.mx\/corporativo\/wp-json\/wp\/v2\/pages\/104\/revisions"}],"predecessor-version":[{"id":906,"href":"https:\/\/www.mextelecom.com.mx\/corporativo\/wp-json\/wp\/v2\/pages\/104\/revisions\/906"}],"wp:attachment":[{"href":"https:\/\/www.mextelecom.com.mx\/corporativo\/wp-json\/wp\/v2\/media?parent=104"}],"curies":[{"name":"wp","href":"https:\/\/api.w.org\/{rel}","templated":true}]}}