{"id":105,"date":"2017-11-08T04:06:22","date_gmt":"2017-11-08T10:06:22","guid":{"rendered":"http:\/\/www.mextelecom.com.mx\/corporativo\/?page_id=105"},"modified":"2025-10-04T18:16:04","modified_gmt":"2025-10-05T00:16:04","slug":"promociones-2","status":"publish","type":"page","link":"https:\/\/www.mextelecom.com.mx\/corporativo\/promociones-2\/","title":{"rendered":"Promociones"},"content":{"rendered":"<p>Click en las im\u00e1genes para m\u00e1s informaci\u00f3n&#8230;<\/p>\n<p>Visita nuestras redes sociales.<br \/>Visita nuestra Canal WhatsApp.<br \/>Visita nuestras sucursales.<br \/>Alta en Newsletter.<br \/>Alta como integrador.<br \/><br \/><\/p>\n<p>Vigencia: Diciembre 2024<\/p>\n<p><a href=\"https:\/\/mextelecom.net\/campaign\/Promocion5mil\/Hi%20Mextelecom%20en%20Republica%20del%20Salvador%20No.35-B%20Centro%20CDMX.html\" target=\"_blank\" rel=\"noopener noreferrer\"><img loading=\"lazy\" decoding=\"async\" class=\"alignnone  wp-image-734\" src=\"https:\/\/www.mextelecom.com.mx\/corporativo\/wp-content\/uploads\/2021\/06\/Parking1hr.jpg\" alt=\"\" width=\"524\" height=\"355\" srcset=\"https:\/\/www.mextelecom.com.mx\/corporativo\/wp-content\/uploads\/2021\/06\/Parking1hr.jpg 1000w, https:\/\/www.mextelecom.com.mx\/corporativo\/wp-content\/uploads\/2021\/06\/Parking1hr-300x203.jpg 300w, https:\/\/www.mextelecom.com.mx\/corporativo\/wp-content\/uploads\/2021\/06\/Parking1hr-768x520.jpg 768w\" sizes=\"auto, (max-width: 524px) 100vw, 524px\" \/><\/a><\/p>\n<p><strong>Referencias estacionamientos a la cercan\u00eda:<\/strong><br \/><span style=\"font-weight: 400;\"><br \/>NERMIL ESTACIONAMIENTO REP. DEL SALVADOR<br \/><\/span><span style=\"font-weight: 400;\">(Al lado GNC y La Educadora y llegada por Bol\u00edvar para entrar x Rep. del Salvador a la izquierda\u201c, entrada exclusiva al estacionamiento, ya que es ruta de metrob\u00fas)<br \/><\/span><a href=\"https:\/\/goo.gl\/maps\/1BjxLhPQqnT25veb8\" target=\"_blank\" rel=\"noopener noreferrer\"><span style=\"font-weight: 400;\">Estacionamiento 44<\/span><\/a> <span style=\"font-weight: 400;\"><a href=\"https:\/\/goo.gl\/maps\/UfWxnsejDoPk1v3U8\" target=\"_blank\" rel=\"noopener noreferrer\">La Educadora<\/a>\u00a0<\/span><span style=\"font-weight: 400;\"><a href=\"https:\/\/goo.gl\/maps\/si79xk3Lv4HRWyfB7\" target=\"_blank\" rel=\"noopener noreferrer\">GNC<\/a>\u00a0<\/span><\/p>\n<p>ESTACIONAMIENTO REP. DE URUGUAY <br \/><span style=\"font-weight: 400;\">(Al lado CAFE EMIR, llegada por Uruguay estacionamiento de la misma acera para entrada al s\u00f3tano)<\/span><br \/><span style=\"font-weight: 400;\"><a href=\"https:\/\/goo.gl\/maps\/CYy9GkPFwNMoBcmo9\" target=\"_blank\" rel=\"noopener noreferrer\">Uruguay 43<\/a> <\/span><a href=\"https:\/\/goo.gl\/maps\/CLMaWy3HTgkve6ai6\" target=\"_blank\" rel=\"noopener noreferrer\"><span style=\"font-weight: 400;\">Cafe EMIR\u00a0<\/span><\/a><\/p>\n<pre>\u00a0<\/pre>\n<pre>\u00a0<\/pre>\n<pre><a href=\"https:\/\/www.mextelecom.mx\/\" target=\"_blank\" rel=\"noopener noreferrer\" data-wp-editing=\"1\"><img loading=\"lazy\" decoding=\"async\" class=\"alignnone\" src=\"http:\/\/www.mextelecom.com.mx\/corporativo\/wp-content\/uploads\/2017\/11\/Bot\u00f3n-1.jpg\" alt=\"\" width=\"200\" height=\"140\" \/><\/a><\/pre>\n<p style=\"text-align: center;\"><a href=\"https:\/\/www.mextelecom.com.mx\/corporativo\/index.php\/sucursales\/\" target=\"_blank\" rel=\"noopener noreferrer\"><strong>Visita nuestras sucursales ubicadas en:\u00a0<\/strong><\/a><\/p>\n<p style=\"text-align: center;\">Rep. de Uruguay 15-B Centro <br \/>Tel.- \u202d5557094858, 5555127249\u202c<\/p>\n<p style=\"text-align: center;\">Calle L\u00f3pez No.40-B Centro <br \/>Tel.- 5555211771<\/p>\n<p style=\"text-align: center;\"><strong>\u00a0<\/strong><\/p>\n\n\n<div class=\"wp-block-group\"><div class=\"wp-block-group__inner-container is-layout-flow wp-block-group-is-layout-flow\"><\/div><\/div>\n","protected":false},"excerpt":{"rendered":"<p>Click en las im\u00e1genes para m\u00e1s informaci\u00f3n&#8230; Visita nuestras redes sociales.Visita nuestra Canal WhatsApp.Visita nuestras sucursales.Alta en Newsletter.Alta como integrador. Vigencia: Diciembre 2024 Referencias estacionamientos<a href=\"https:\/\/www.mextelecom.com.mx\/corporativo\/promociones-2\/\" class=\"more-link\">Ver m\u00e1s<\/a><\/p>\n","protected":false},"author":1,"featured_media":0,"parent":0,"menu_order":0,"comment_status":"closed","ping_status":"closed","template":"","meta":{"footnotes":""},"class_list":["post-105","page","type-page","status-publish","hentry"],"_links":{"self":[{"href":"https:\/\/www.mextelecom.com.mx\/corporativo\/wp-json\/wp\/v2\/pages\/105","targetHints":{"allow":["GET"]}}],"collection":[{"href":"https:\/\/www.mextelecom.com.mx\/corporativo\/wp-json\/wp\/v2\/pages"}],"about":[{"href":"https:\/\/www.mextelecom.com.mx\/corporativo\/wp-json\/wp\/v2\/types\/page"}],"author":[{"embeddable":true,"href":"https:\/\/www.mextelecom.com.mx\/corporativo\/wp-json\/wp\/v2\/users\/1"}],"replies":[{"embeddable":true,"href":"https:\/\/www.mextelecom.com.mx\/corporativo\/wp-json\/wp\/v2\/comments?post=105"}],"version-history":[{"count":92,"href":"https:\/\/www.mextelecom.com.mx\/corporativo\/wp-json\/wp\/v2\/pages\/105\/revisions"}],"predecessor-version":[{"id":973,"href":"https:\/\/www.mextelecom.com.mx\/corporativo\/wp-json\/wp\/v2\/pages\/105\/revisions\/973"}],"wp:attachment":[{"href":"https:\/\/www.mextelecom.com.mx\/corporativo\/wp-json\/wp\/v2\/media?parent=105"}],"curies":[{"name":"wp","href":"https:\/\/api.w.org\/{rel}","templated":true}]}}