{"id":206,"date":"2017-11-15T17:32:27","date_gmt":"2017-11-15T23:32:27","guid":{"rendered":"http:\/\/www.mextelecom.com.mx\/corporativo\/?page_id=206"},"modified":"2017-11-15T18:12:41","modified_gmt":"2017-11-16T00:12:41","slug":"aviso-de-privacidad","status":"publish","type":"page","link":"https:\/\/www.mextelecom.com.mx\/corporativo\/aviso-de-privacidad\/","title":{"rendered":"Aviso de privacidad simplificado"},"content":{"rendered":"<p><strong>Aviso de privacidad simplificado<\/strong><\/p>\n<p><strong>\u00a0<\/strong>MEX TELECOM, S. A. de C. V. (MEXTELECOM), con domicilio con domicilio en Calle L\u00f3pez No.40-B, Colonia Centro de la ciudad de M\u00e9xico, delegaci\u00f3n Cuauht\u00e9moc, c\u00f3digo postal 06000 y tel\u00e9fono (55) 5512-4403, es responsable del tratamiento de sus datos personales.<\/p>\n<p>Los datos personales que le solicitemos ser\u00e1n utilizados para proveerle los servicios y productos que nos ha solicitado, decidir su incorporaci\u00f3n a nuestro grupo de usuarios y distribuidores, ofrecerle ofertas, promociones, capacitaci\u00f3n, apoyo, informaci\u00f3n sobre cambios de los productos y novedades tecnol\u00f3gicas, as\u00ed como para contactarlo con fines de obtener su evaluaci\u00f3n de la calidad de los nuestros servicios.<\/p>\n<p>Usted estar\u00e1, en todo momento videograbado por las c\u00e1maras de seguridad, las im\u00e1genes captadas ser\u00e1n utilizadas para su seguridad y de las personas que le acompa\u00f1en, estas son propiedad exclusiva de MEXTELECOM y no podr\u00e1n ser retransmitidas sin que medie autorizaci\u00f3n previa o solicitud expresa de autoridad competente, estos videos, debido a procesos internos de captaci\u00f3n y almacenaje por parte de nuestro departamento de vigilancia, tienen una periodicidad de quince (15) d\u00edas naturales.<\/p>\n<p>Usted tiene derecho de acceder, rectificar y cancelar sus datos personales, as\u00ed como de oponerse al tratamiento de los mismos o revocar el consentimiento que para tal fin nos haya otorgado, a trav\u00e9s de los procedimientos que hemos implementado para ello (Derechos ARCO asesor.juridico@mextelecom.com.mx).<\/p>\n<p>Para limitar el uso y divulgaci\u00f3n de sus datos personales, usted puede presentar, previa acreditaci\u00f3n de su identidad, su solicitud en los t\u00e9rminos legales conducentes, dirigida al asesor jur\u00eddico en nuestro domicilio asesor.juridico@mextelecom.com.mx<\/p>\n<p>Si requiere mayor informaci\u00f3n puede acceder a nuestro <a href=\"http:\/\/www.mextelecom.com.mx\/corporativo\/wp-content\/uploads\/2017\/11\/Aviso-de-privacidad-para-clientes-y-proveedores.pdf\" target=\"_blank\" rel=\"noopener\">aviso de privacidad integral<\/a> oprimiendo la liga.<\/p>\n","protected":false},"excerpt":{"rendered":"<p>Aviso de privacidad simplificado \u00a0MEX TELECOM, S. A. de C. V. (MEXTELECOM), con domicilio con domicilio en Calle L\u00f3pez No.40-B, Colonia Centro de la ciudad<a href=\"https:\/\/www.mextelecom.com.mx\/corporativo\/aviso-de-privacidad\/\" class=\"more-link\">Ver m\u00e1s<\/a><\/p>\n","protected":false},"author":1,"featured_media":0,"parent":0,"menu_order":0,"comment_status":"closed","ping_status":"closed","template":"","meta":{"footnotes":""},"class_list":["post-206","page","type-page","status-publish","hentry"],"_links":{"self":[{"href":"https:\/\/www.mextelecom.com.mx\/corporativo\/wp-json\/wp\/v2\/pages\/206","targetHints":{"allow":["GET"]}}],"collection":[{"href":"https:\/\/www.mextelecom.com.mx\/corporativo\/wp-json\/wp\/v2\/pages"}],"about":[{"href":"https:\/\/www.mextelecom.com.mx\/corporativo\/wp-json\/wp\/v2\/types\/page"}],"author":[{"embeddable":true,"href":"https:\/\/www.mextelecom.com.mx\/corporativo\/wp-json\/wp\/v2\/users\/1"}],"replies":[{"embeddable":true,"href":"https:\/\/www.mextelecom.com.mx\/corporativo\/wp-json\/wp\/v2\/comments?post=206"}],"version-history":[{"count":3,"href":"https:\/\/www.mextelecom.com.mx\/corporativo\/wp-json\/wp\/v2\/pages\/206\/revisions"}],"predecessor-version":[{"id":217,"href":"https:\/\/www.mextelecom.com.mx\/corporativo\/wp-json\/wp\/v2\/pages\/206\/revisions\/217"}],"wp:attachment":[{"href":"https:\/\/www.mextelecom.com.mx\/corporativo\/wp-json\/wp\/v2\/media?parent=206"}],"curies":[{"name":"wp","href":"https:\/\/api.w.org\/{rel}","templated":true}]}}