{"id":7,"date":"2117-11-08T07:23:08","date_gmt":"2017-11-08T07:23:50","guid":{"rendered":"http:\/\/www.mextelecom.com.mx\/corporativo\/?page_id=7"},"modified":"2025-10-04T17:50:07","modified_gmt":"2025-10-04T23:50:07","slug":"inicio","status":"publish","type":"page","link":"https:\/\/www.mextelecom.com.mx\/corporativo\/","title":{"rendered":"Inicio"},"content":{"rendered":"<p>\u00a1Bienvenido a tu sitio! Esta es tu p\u00e1gina de inicio,&nbsp; Mextelecom es una empresa mexicana que inicio operaciones en 1985 bajo el nombre de TELEFON\u00cdA Y COMUNICACI\u00d3N y a partir de 1990 como MEXTELECOM.<\/p>\n<p>Ud. encontrar\u00e1 una l\u00ednea completa de \u201cComunicaci\u00f3n, Redes y Seguridad\u201d, gracias por su visita.<\/p>\n","protected":false},"excerpt":{"rendered":"<p>\u00a1Bienvenido a tu sitio! Esta es tu p\u00e1gina de inicio,&nbsp; Mextelecom es una empresa mexicana que inicio operaciones en 1985 bajo el nombre de TELEFON\u00cdA<a href=\"https:\/\/www.mextelecom.com.mx\/corporativo\/\" class=\"more-link\">Ver m\u00e1s<\/a><\/p>\n","protected":false},"author":1,"featured_media":282,"parent":0,"menu_order":0,"comment_status":"closed","ping_status":"closed","template":"","meta":{"footnotes":""},"class_list":["post-7","page","type-page","status-publish","has-post-thumbnail","hentry"],"_links":{"self":[{"href":"https:\/\/www.mextelecom.com.mx\/corporativo\/wp-json\/wp\/v2\/pages\/7","targetHints":{"allow":["GET"]}}],"collection":[{"href":"https:\/\/www.mextelecom.com.mx\/corporativo\/wp-json\/wp\/v2\/pages"}],"about":[{"href":"https:\/\/www.mextelecom.com.mx\/corporativo\/wp-json\/wp\/v2\/types\/page"}],"author":[{"embeddable":true,"href":"https:\/\/www.mextelecom.com.mx\/corporativo\/wp-json\/wp\/v2\/users\/1"}],"replies":[{"embeddable":true,"href":"https:\/\/www.mextelecom.com.mx\/corporativo\/wp-json\/wp\/v2\/comments?post=7"}],"version-history":[{"count":7,"href":"https:\/\/www.mextelecom.com.mx\/corporativo\/wp-json\/wp\/v2\/pages\/7\/revisions"}],"predecessor-version":[{"id":966,"href":"https:\/\/www.mextelecom.com.mx\/corporativo\/wp-json\/wp\/v2\/pages\/7\/revisions\/966"}],"wp:featuredmedia":[{"embeddable":true,"href":"https:\/\/www.mextelecom.com.mx\/corporativo\/wp-json\/wp\/v2\/media\/282"}],"wp:attachment":[{"href":"https:\/\/www.mextelecom.com.mx\/corporativo\/wp-json\/wp\/v2\/media?parent=7"}],"curies":[{"name":"wp","href":"https:\/\/api.w.org\/{rel}","templated":true}]}}