{"id":771,"date":"2024-01-04T14:13:00","date_gmt":"2024-01-04T20:13:00","guid":{"rendered":"https:\/\/www.mextelecom.com.mx\/corporativo\/?page_id=771"},"modified":"2024-03-05T21:30:08","modified_gmt":"2024-03-06T03:30:08","slug":"bolsa-de-trabajo","status":"publish","type":"page","link":"https:\/\/www.mextelecom.com.mx\/corporativo\/bolsa-de-trabajo\/","title":{"rendered":"Bolsa de trabajo"},"content":{"rendered":"\n<p>Te invitamos a formar parte de MEXTELECOM:<\/p>\n\n\n\n<p>No s\u00f3lo es una empresa, sino una lecci\u00f3n de vida en la creaci\u00f3n de l\u00edderes y una formaci\u00f3n ocupacional en personas decididas y dedicadas.<\/p>\n\n\n\n<p class=\"has-text-align-center\"><strong><a href=\"https:\/\/wa.me\/5215533621948?text=Hola%20Me%20interesa%20la%20vacante%20de%20:\" target=\"_blank\" rel=\"noreferrer noopener\">WhatsApp<\/a><\/strong><\/p>\n\n\n\nJobs listing: (default)\n<div class=\"job-listing row clearfix\"><div class=\"column medium-12 col-md-12\"><div class=\"job-preview clearfix\" ><div class=\"job-content\"><h5><a href=\"https:\/\/www.mextelecom.com.mx\/corporativo\/empleo\/ayudante-de-almacen-en-tienda\/\" target=\"_self\"><span>AYUDANTE DE ALMACEN EN TIENDA \u201cn\u00f3mina, bono de puntualidad\u201d<\/span><\/a><\/h5><div class=\"job-additional-information\"><span>M\u00e9xico<\/span><span class=\"job-preview-details-separator\">, <span><span>Full-time<\/span><\/div><\/div><div class=\"job-cta\"><a href=\"https:\/\/www.mextelecom.com.mx\/corporativo\/empleo\/ayudante-de-almacen-en-tienda\/\" target=\"_self\" class=\"apply-btn local\">Te invitamos a formar parte de MEXTELECOM: No s\u00f3lo es una empresa, sino una lecci\u00f3n de vida en la creaci\u00f3n de l\u00edderes y una formaci\u00f3n ocupacional en personas decididas y dedicadas.<\/a><\/div><\/div><div class=\"job-preview clearfix\" ><div class=\"job-content\"><h5><a href=\"https:\/\/www.mextelecom.com.mx\/corporativo\/empleo\/ayudante-de-ventas\/\" target=\"_self\"><span>Ayudante de ventas \u201cn\u00f3mina, bono de asistencia, bono de puntualidad\u201d<\/span><\/a><\/h5><div class=\"job-additional-information\"><span>M\u00e9xico<\/span><span class=\"job-preview-details-separator\">, <span><span>Full-time<\/span><\/div><\/div><div class=\"job-cta\"><a href=\"https:\/\/www.mextelecom.com.mx\/corporativo\/empleo\/ayudante-de-ventas\/\" target=\"_self\" class=\"apply-btn local\">Te invitamos a formar parte de MEXTELECOM: No s\u00f3lo es una empresa, sino una lecci\u00f3n de vida en la creaci\u00f3n de l\u00edderes y una formaci\u00f3n ocupacional en personas decididas y dedicadas.<\/a><\/div><\/div><div class=\"job-preview clearfix\" ><div class=\"job-content\"><h5><a href=\"https:\/\/www.mextelecom.com.mx\/corporativo\/empleo\/ayudante-instalador\/\" target=\"_self\"><span>Ayudante instalador \u201cn\u00f3mina, bono de asistencia\u201d Bachillerato con carrera t\u00e9cnica Contrataci\u00f3n inmediata<\/span><\/a><\/h5><div class=\"job-additional-information\"><span>M\u00e9xico<\/span><span class=\"job-preview-details-separator\">, <span><span>Full-time<\/span><\/div><\/div><div class=\"job-cta\"><a href=\"https:\/\/www.mextelecom.com.mx\/corporativo\/empleo\/ayudante-instalador\/\" target=\"_self\" class=\"apply-btn local\">Te invitamos a formar parte de MEXTELECOM: No s\u00f3lo es una empresa, sino una lecci\u00f3n de vida en la creaci\u00f3n de l\u00edderes y una formaci\u00f3n ocupacional en personas decididas y dedicadas.<\/a><\/div><\/div><\/div><\/div>\n\nParameters:\n<div class=\"job-listing row clearfix\"><div class=\"column medium-12 col-md-12\"><div class=\"no-jobs-available\"><p>Actualmente no hay ofertas de trabajo disponibles, para valido hasta el (Valid through), gracias pr\u00f3ximamente<\/p><\/div><\/div><\/div>\n\nJobs single: (default)\n<style>.jobs-modal.hide{ display: none; }<\/style><div class=\"job-post clearfix\"  role=\"main\"><div class=\"job-content\"><div class=\"job-content-wrap\"><\/div><\/div><div class=\"job-side\"><div class=\"job-content-wrap\"><\/div><\/div><div class=\"clearfix\"><\/div><div class=\"job-content-wrap\"><\/div><div class=\"jobs-modal hide\"><div class=\"jobs-modal-table\"><div class=\"jobs-modal-table-cell\"><div class=\"jobs-modal-content\"><span class=\"modal-close\"><img decoding=\"async\" src=\"https:\/\/www.mextelecom.com.mx\/corporativo\/wp-content\/plugins\/job-postings\/images\/close.svg\" alt=\"Close modal window\"><\/span><div class=\"jobs-modal-form clearfix\"><form id=\"jobs-modal-form\" method=\"post\" enctype=\"multipart\/form-data\"><div class=\"modal-title\">Position: <\/div><div class=\"jobs-modal-input modal-input-name_nombre-completo name_field \" data-control=\"\"><label class=\"input-label\" for=\"input-name_nombre-completo\">Nombre completo<span class=\"field_required\">*<\/span><\/label><input id=\"input-name_nombre-completo\" type=\"text\" name=\"job_applicant_name\" data-jobinput=\"name_nombre-completo\" class=\"modal-input-text input-name_nombre-completo input-reqired\" value=\"\" placeholder=\"\"><\/div><div class=\"jobs-modal-input modal-input-phone_movil-con-whatsapp phone_field \" data-control=\"\"><label class=\"input-label\" for=\"input-phone_movil-con-whatsapp\">Movil con whatsApp<span class=\"field_required\">*<\/span><\/label><input id=\"input-phone_movil-con-whatsapp\" type=\"text\" name=\"input_phone_movil-con-whatsapp\" data-jobinput=\"phone_movil-con-whatsapp\" class=\"modal-input-text input-phone_movil-con-whatsapp input-reqired\" value=\"\" placeholder=\"\"><\/div><div class=\"jobs-modal-input modal-input-email_e-mail email_field \" data-control=\"\"><label class=\"input-label\" for=\"input-email_e-mail\">E-mail<span class=\"field_required\">*<\/span><\/label><input id=\"input-email_e-mail\" type=\"text\" name=\"input_email_e-mail\" data-jobinput=\"email_e-mail\" class=\"modal-input-text input-job_email input-email_e-mail input-reqired\" value=\"\" placeholder=\"\"><\/div><div class=\"jobs-modal-input modal-input-key paragraph_field required_field_notice\" data-control=\"\"><p class=\"input-paragraph\" ><span class=\"field_required\">*<\/span>Required fields<\/p><\/div><div class=\"jobs-modal-input modal-input-honeypot text_field \" data-control=\"\"><label class=\"input-label\" for=\"input-honeypot\">Phone<\/label><input id=\"input-honeypot\" type=\"text\" name=\"input_honeypot\" data-jobinput=\"honeypot\" class=\"modal-input-text input-honeypot \" value=\"\" placeholder=\"Phone\"><\/div><div class=\"jobs-modal-footer\"><input type=\"hidden\" name=\"action\" value=\"jobslisting_apply_now\"><input type=\"hidden\" name=\"language\" value=\"es\"><input type=\"hidden\" name=\"post_id\" value=\"JOB_ID\"><input type=\"hidden\" name=\"captcha_response\" value=\"\"><img decoding=\"async\" class=\"jobs-sending\" src=\"https:\/\/www.mextelecom.com.mx\/corporativo\/wp-content\/plugins\/job-postings\/\/images\/loading.svg\"  alt=\"Loading...\"><button class=\"button job-submit\" type=\"submit\">Send Application<\/button><p class=\"jobs-submit-validation\"><\/p><\/div><\/form><div id=\"job-apply-confirmation\"><\/div><\/div><\/div><\/div><\/div><\/div><script type=\"application\/ld+json\">{\"@context\":\"http:\\\/\\\/schema.org\",\"@type\":\"JobPosting\"}<\/script><\/div>\nid &#8211; ID of the job to show.\n\nCategories\n<div class=\"job-listing-categories align-left\"><a href=\"https:\/\/www.mextelecom.com.mx\/corporativo\/bolsa-de-trabajo\/?job-category=all\" class=\"job-category job-category-all \">All<\/a><a href=\"https:\/\/www.mextelecom.com.mx\/corporativo\/bolsa-de-trabajo\/?job-category=empleo\" class=\"job-category job-category-empleo  \">Vacantes Mextelecom <span class=\"category\">(2)<\/span><\/a><a href=\"https:\/\/www.mextelecom.com.mx\/corporativo\/bolsa-de-trabajo\/?job-category=empleo-2\" class=\"job-category job-category-empleo-2 job-category-child \">Servicio <span class=\"category\">(1)<\/span><\/a><a href=\"https:\/\/www.mextelecom.com.mx\/corporativo\/bolsa-de-trabajo\/?job-category=ventas\" class=\"job-category job-category-ventas  \">Ventas <span class=\"category\">(1)<\/span><\/a><\/div>\n\nCategories tree\n<ul class=\"job-tree-categories\"><li><a href=\"https:\/\/www.mextelecom.com.mx\/corporativo\/bolsa-de-trabajo\/?job-category=empleo\">Vacantes Mextelecom <span class=\"category\">(2)<\/span><ul class=\"sub-menu\"><li><a href=\"https:\/\/www.mextelecom.com.mx\/corporativo\/bolsa-de-trabajo\/?job-category=empleo-2\">Servicio <span class=\"category\">(1)<\/span><\/a><\/li><\/ul><\/a><\/li><li><a href=\"https:\/\/www.mextelecom.com.mx\/corporativo\/bolsa-de-trabajo\/?job-category=ventas\">Ventas <span class=\"category\">(1)<\/span><\/a><\/li><\/ul>\n\nSearch\n<div class=\"job-postings-shortcode-search\"><div class=\"jobs-search\"><form method=\"GET\" action=\"https:\/\/www.mextelecom.com.mx\/corporativo\/bolsa-de-trabajo\/\"><input type=\"hidden\" value=\"\" name=\"job-category\"><input class=\"job-search\" type=\"text\" placeholder=\"Vacancy Search\" value=\"\" name=\"job-search\"><button class=\"job-search-submit\"><svg width=\"0px\" height=\"0px\" version=\"1.1\" xmlns=\"http:\/\/www.w3.org\/2000\/svg\" xmlns:xlink=\"http:\/\/www.w3.org\/1999\/xlink\" x=\"0px\" y=\"0px\"\r\n\t viewBox=\"0 0 56.966 56.966\" xml:space=\"preserve\">\r\n<path d=\"M55.146,51.887L41.588,37.786c3.486-4.144,5.396-9.358,5.396-14.786c0-12.682-10.318-23-23-23s-23,10.318-23,23\r\n\ts10.318,23,23,23c4.761,0,9.298-1.436,13.177-4.162l13.661,14.208c0.571,0.593,1.339,0.92,2.162,0.92\r\n\tc0.779,0,1.518-0.297,2.079-0.837C56.255,54.982,56.293,53.08,55.146,51.887z M23.984,6c9.374,0,17,7.626,17,17s-7.626,17-17,17\r\n\ts-17-7.626-17-17S14.61,6,23.984,6z\"\/>\r\n\r\n<\/svg>\r\n<\/button><\/form><\/div><\/div>\n\nPHP\n<?php if(function_exists('jobs_list')) jobs_list(); ?>\n\n","protected":false},"excerpt":{"rendered":"<p>Te invitamos a formar parte de MEXTELECOM: No s\u00f3lo es una empresa, sino una lecci\u00f3n de vida en la creaci\u00f3n de l\u00edderes y una formaci\u00f3n<a href=\"https:\/\/www.mextelecom.com.mx\/corporativo\/empleo\/ayudante-instalador\/\" class=\"more-link\">Ver m\u00e1s<\/a><\/p>\n","protected":false},"author":1,"featured_media":0,"parent":0,"menu_order":0,"comment_status":"closed","ping_status":"closed","template":"","meta":{"footnotes":""},"class_list":["post-771","page","type-page","status-publish","hentry"],"_links":{"self":[{"href":"https:\/\/www.mextelecom.com.mx\/corporativo\/wp-json\/wp\/v2\/pages\/771","targetHints":{"allow":["GET"]}}],"collection":[{"href":"https:\/\/www.mextelecom.com.mx\/corporativo\/wp-json\/wp\/v2\/pages"}],"about":[{"href":"https:\/\/www.mextelecom.com.mx\/corporativo\/wp-json\/wp\/v2\/types\/page"}],"author":[{"embeddable":true,"href":"https:\/\/www.mextelecom.com.mx\/corporativo\/wp-json\/wp\/v2\/users\/1"}],"replies":[{"embeddable":true,"href":"https:\/\/www.mextelecom.com.mx\/corporativo\/wp-json\/wp\/v2\/comments?post=771"}],"version-history":[{"count":28,"href":"https:\/\/www.mextelecom.com.mx\/corporativo\/wp-json\/wp\/v2\/pages\/771\/revisions"}],"predecessor-version":[{"id":933,"href":"https:\/\/www.mextelecom.com.mx\/corporativo\/wp-json\/wp\/v2\/pages\/771\/revisions\/933"}],"wp:attachment":[{"href":"https:\/\/www.mextelecom.com.mx\/corporativo\/wp-json\/wp\/v2\/media?parent=771"}],"curies":[{"name":"wp","href":"https:\/\/api.w.org\/{rel}","templated":true}]}}