{"id":8,"date":"2117-11-08T07:23:08","date_gmt":"2017-11-08T07:23:50","guid":{"rendered":"http:\/\/www.mextelecom.com.mx\/corporativo\/?page_id=8"},"modified":"2018-06-16T14:15:25","modified_gmt":"2018-06-16T20:15:25","slug":"acerca-de","status":"publish","type":"page","link":"https:\/\/www.mextelecom.com.mx\/corporativo\/acerca-de\/","title":{"rendered":"Acerca de"},"content":{"rendered":"<p>MEXTELECOM es una empresa mexicana que inici\u00f3 sus operaciones en 1985 bajo el nombre de TELEFON\u00cdA Y COMUNICACI\u00d3N y a partir de 1990 como MEXTELECOM, desde entonces se ha mantenido en el mercado como prestador de productos y servicios de \u201cComunicaci\u00f3n, Redes y Seguridad\u201d.<\/p>\n<p>Ser una empresa l\u00edder y competitiva en \u201cComunicaci\u00f3n, Redes y Seguridad\u201d, teniendo la visi\u00f3n de estar orientada a la soluci\u00f3n inmediata de las necesidades de sus clientes.<\/p>\n<p><b>MISI\u00d3N<\/b><\/p>\n<p><span style=\"font-weight: 400;\">Ser la organizaci\u00f3n empresarial l\u00edder a nivel nacional que ofrece soluciones de alta tecnolog\u00eda en comunicaci\u00f3n, redes y seguridad electr\u00f3nica con base en las necesidades de sus clientes. Brindando tranquilidad a la sociedad y con un ambiente laboral de desarrollo para sus empleados.<\/span><\/p>\n<p><b>VISI\u00d3N<\/b><\/p>\n<p><span style=\"font-weight: 400;\">Dar tranquilidad y comunicaci\u00f3n a la sociedad a trav\u00e9s de la tecnolog\u00eda.<\/span><\/p>\n<p><b>VALORES<\/b><\/p>\n<ul>\n<li style=\"font-weight: 400;\"><span style=\"font-weight: 400;\">Prevenci\u00f3n: Anticiparse a situaciones que puedan causar problemas, mediante la comunicaci\u00f3n continua.<\/span><\/li>\n<li style=\"font-weight: 400;\"><span style=\"font-weight: 400;\">Empat\u00eda: Ponerse en los zapatos del otro, para entender mejor sus necesidades.<\/span><\/li>\n<li style=\"font-weight: 400;\"><span style=\"font-weight: 400;\">Eficiencia: Maximizar los resultados con el m\u00ednimo de recursos.<\/span><\/li>\n<li style=\"font-weight: 400;\"><span style=\"font-weight: 400;\">Honestidad: Actuar responsablemente y con la verdad.<\/span><\/li>\n<li style=\"font-weight: 400;\"><span style=\"font-weight: 400;\">Templanza: Fortaleza interna para afrontar las dificultades y los riesgos.<\/span><\/li>\n<li style=\"font-weight: 400;\"><span style=\"font-weight: 400;\">Resiliencia: Adaptarse positivamente a situaciones adversas.<\/span><\/li>\n<li style=\"font-weight: 400;\"><span style=\"font-weight: 400;\">Perfeccionismo eficaz: Creer que la perfecci\u00f3n es posible y debe ser alcanzable.<\/span><\/li>\n<\/ul>\n<p><b>ACTITUDES CLAVE<\/b><\/p>\n<ul>\n<li style=\"font-weight: 400;\"><span style=\"font-weight: 400;\">Ganar-ganar.<\/span><\/li>\n<li style=\"font-weight: 400;\"><span style=\"font-weight: 400;\">Flexibilidad.<\/span><\/li>\n<li style=\"font-weight: 400;\"><span style=\"font-weight: 400;\">Innovaci\u00f3n.<\/span><\/li>\n<li style=\"font-weight: 400;\"><span style=\"font-weight: 400;\">Entusiasmo.<\/span><\/li>\n<li style=\"font-weight: 400;\"><span style=\"font-weight: 400;\">Amabilidad.<\/span><\/li>\n<\/ul>\n","protected":false},"excerpt":{"rendered":"<p>MEXTELECOM es una empresa mexicana que inici\u00f3 sus operaciones en 1985 bajo el nombre de TELEFON\u00cdA Y COMUNICACI\u00d3N y a partir de 1990 como MEXTELECOM,<a href=\"https:\/\/www.mextelecom.com.mx\/corporativo\/acerca-de\/\" class=\"more-link\">Ver m\u00e1s<\/a><\/p>\n","protected":false},"author":1,"featured_media":100,"parent":0,"menu_order":0,"comment_status":"closed","ping_status":"closed","template":"","meta":{"footnotes":""},"class_list":["post-8","page","type-page","status-publish","has-post-thumbnail","hentry"],"_links":{"self":[{"href":"https:\/\/www.mextelecom.com.mx\/corporativo\/wp-json\/wp\/v2\/pages\/8","targetHints":{"allow":["GET"]}}],"collection":[{"href":"https:\/\/www.mextelecom.com.mx\/corporativo\/wp-json\/wp\/v2\/pages"}],"about":[{"href":"https:\/\/www.mextelecom.com.mx\/corporativo\/wp-json\/wp\/v2\/types\/page"}],"author":[{"embeddable":true,"href":"https:\/\/www.mextelecom.com.mx\/corporativo\/wp-json\/wp\/v2\/users\/1"}],"replies":[{"embeddable":true,"href":"https:\/\/www.mextelecom.com.mx\/corporativo\/wp-json\/wp\/v2\/comments?post=8"}],"version-history":[{"count":4,"href":"https:\/\/www.mextelecom.com.mx\/corporativo\/wp-json\/wp\/v2\/pages\/8\/revisions"}],"predecessor-version":[{"id":297,"href":"https:\/\/www.mextelecom.com.mx\/corporativo\/wp-json\/wp\/v2\/pages\/8\/revisions\/297"}],"wp:featuredmedia":[{"embeddable":true,"href":"https:\/\/www.mextelecom.com.mx\/corporativo\/wp-json\/wp\/v2\/media\/100"}],"wp:attachment":[{"href":"https:\/\/www.mextelecom.com.mx\/corporativo\/wp-json\/wp\/v2\/media?parent=8"}],"curies":[{"name":"wp","href":"https:\/\/api.w.org\/{rel}","templated":true}]}}