{"id":9,"date":"2117-11-08T07:23:08","date_gmt":"2017-11-08T07:23:50","guid":{"rendered":"http:\/\/www.mextelecom.com.mx\/corporativo\/?page_id=9"},"modified":"2025-10-04T18:09:44","modified_gmt":"2025-10-05T00:09:44","slug":"contactanos","status":"publish","type":"page","link":"https:\/\/www.mextelecom.com.mx\/corporativo\/contactanos\/","title":{"rendered":"Cont\u00e1ctanos"},"content":{"rendered":"<p>Informaci\u00f3n b\u00e1sica.-<\/p>\n<p>Direcci\u00f3n<br \/>Calle L\u00f3pez No.40-B Centro Alcald\u00eda. Cuauht\u00e9moc, M\u00e9xico, CDMX 06000, telemarketing@mextelecom.com.mx<br \/>Tel.- 52 (55)5521-1771\u00a0 \u00a0 \u00a0 \u00a0 \u00a0 \u00a0 \u00a0 \u00a0 \u00a0 \u00a0 \u00a0 \u00a0 \u00a0 \u00a0 \u00a0 \u00a0 \u00a0 \u00a0 \u00a0 \u00a0 \u00a0\u00a0<br \/><br \/><a href=\"https:\/\/wa.me\/525555109266\/?text=Hola Mextelecom comunicacion redes seguridad\" target=\"_blank\" rel=\"noopener noreferrer\" data-wplink-url-error=\"true\">Cont\u00e1ctanos WhatsApp<\/a><\/p>\n<p><strong>Horario<\/strong><br \/>Lunes a viernes: 09:30 AM a 6:30 PM\u00a0 \u00a0 \u00a0 \u00a0<br \/>S\u00e1bado: 10:00AM a 3:30pm\u00a0<\/p>\n\n\n<\/p>\n<p>\n\n\n<\/p>","protected":false},"excerpt":{"rendered":"<p>Informaci\u00f3n b\u00e1sica.- Direcci\u00f3nCalle L\u00f3pez No.40-B Centro Alcald\u00eda. Cuauht\u00e9moc, M\u00e9xico, CDMX 06000, telemarketing@mextelecom.com.mxTel.- 52 (55)5521-1771\u00a0 \u00a0 \u00a0 \u00a0 \u00a0 \u00a0 \u00a0 \u00a0 \u00a0 \u00a0 \u00a0 \u00a0<a href=\"https:\/\/www.mextelecom.com.mx\/corporativo\/contactanos\/\" class=\"more-link\">Ver m\u00e1s<\/a><\/p>\n","protected":false},"author":1,"featured_media":6,"parent":0,"menu_order":0,"comment_status":"closed","ping_status":"closed","template":"","meta":{"footnotes":""},"class_list":["post-9","page","type-page","status-publish","has-post-thumbnail","hentry"],"_links":{"self":[{"href":"https:\/\/www.mextelecom.com.mx\/corporativo\/wp-json\/wp\/v2\/pages\/9","targetHints":{"allow":["GET"]}}],"collection":[{"href":"https:\/\/www.mextelecom.com.mx\/corporativo\/wp-json\/wp\/v2\/pages"}],"about":[{"href":"https:\/\/www.mextelecom.com.mx\/corporativo\/wp-json\/wp\/v2\/types\/page"}],"author":[{"embeddable":true,"href":"https:\/\/www.mextelecom.com.mx\/corporativo\/wp-json\/wp\/v2\/users\/1"}],"replies":[{"embeddable":true,"href":"https:\/\/www.mextelecom.com.mx\/corporativo\/wp-json\/wp\/v2\/comments?post=9"}],"version-history":[{"count":21,"href":"https:\/\/www.mextelecom.com.mx\/corporativo\/wp-json\/wp\/v2\/pages\/9\/revisions"}],"predecessor-version":[{"id":971,"href":"https:\/\/www.mextelecom.com.mx\/corporativo\/wp-json\/wp\/v2\/pages\/9\/revisions\/971"}],"wp:featuredmedia":[{"embeddable":true,"href":"https:\/\/www.mextelecom.com.mx\/corporativo\/wp-json\/wp\/v2\/media\/6"}],"wp:attachment":[{"href":"https:\/\/www.mextelecom.com.mx\/corporativo\/wp-json\/wp\/v2\/media?parent=9"}],"curies":[{"name":"wp","href":"https:\/\/api.w.org\/{rel}","templated":true}]}}